{"id":2474,"date":"2022-01-16T18:17:09","date_gmt":"2022-01-16T17:17:09","guid":{"rendered":"https:\/\/networkinschool.icvalnegra.edu.it\/en\/?page_id=2474"},"modified":"2022-01-16T18:18:50","modified_gmt":"2022-01-16T17:18:50","slug":"presentation","status":"publish","type":"page","link":"https:\/\/networkinschool.icvalnegra.edu.it\/en\/presentation","title":{"rendered":"Presentation"},"content":{"rendered":"\t\t<div data-elementor-type=\"wp-post\" data-elementor-id=\"2474\" class=\"elementor elementor-2474\" data-elementor-settings=\"[]\">\n\t\t\t\t\t\t\t<div class=\"elementor-section-wrap\">\n\t\t\t\t\t\t\t<section class=\"elementor-section elementor-top-section elementor-element elementor-element-92936c0 elementor-section-boxed elementor-section-height-default elementor-section-height-default\" data-id=\"92936c0\" data-element_type=\"section\">\n\t\t\t\t\t\t<div class=\"elementor-container elementor-column-gap-default\">\n\t\t\t\t\t<div class=\"elementor-column elementor-col-100 elementor-top-column elementor-element elementor-element-d42f399\" data-id=\"d42f399\" data-element_type=\"column\">\n\t\t\t<div class=\"elementor-widget-wrap elementor-element-populated\">\n\t\t\t\t\t\t\t\t<div class=\"elementor-element elementor-element-445dff6 elementor-widget elementor-widget-heading\" data-id=\"445dff6\" data-element_type=\"widget\" data-widget_type=\"heading.default\">\n\t\t\t\t<div class=\"elementor-widget-container\">\n\t\t\t<h3 class=\"elementor-heading-title elementor-size-default\">AZIONI #15, #17, #19, #20, #21 DEL PIANO NAZIONALE SCUOLA DIGITALE AZIONI PER IL POTENZIAMENTO DELLE COMPETENZE DIGITALI DEGLI STUDENTI ATTRAVERSO METODOLOGIE DIDATTICHE INNOVATIVE<\/h3>\t\t<\/div>\n\t\t\t\t<\/div>\n\t\t\t\t<div class=\"elementor-element elementor-element-2a1a185 elementor-headline--style-highlight elementor-widget elementor-widget-animated-headline\" data-id=\"2a1a185\" data-element_type=\"widget\" data-settings=\"{&quot;highlighted_text&quot;:&quot;20769&quot;,&quot;headline_style&quot;:&quot;highlight&quot;,&quot;marker&quot;:&quot;circle&quot;}\" data-widget_type=\"animated-headline.default\">\n\t\t\t\t<div class=\"elementor-widget-container\">\n\t\t\t\t\t<h3 class=\"elementor-headline\">\n\t\t\t\t\t\t\t<span class=\"elementor-headline-plain-text elementor-headline-text-wrapper\">AVVISO n.<\/span>\n\t\t\t\t\t\t<span class=\"elementor-headline-dynamic-wrapper elementor-headline-text-wrapper\"><\/span>\n\t\t\t\t\t\t\t<span class=\"elementor-headline-plain-text elementor-headline-text-wrapper\">del 21 giugno 2019<\/span>\n\t\t\t\t\t<\/h3>\n\t\t\t\t<\/div>\n\t\t\t\t<\/div>\n\t\t\t\t\t<\/div>\n\t\t<\/div>\n\t\t\t\t\t\t\t<\/div>\n\t\t<\/section>\n\t\t\t\t<section class=\"elementor-section elementor-top-section elementor-element elementor-element-b86ca9d elementor-section-boxed elementor-section-height-default elementor-section-height-default\" data-id=\"b86ca9d\" data-element_type=\"section\">\n\t\t\t\t\t\t<div class=\"elementor-container elementor-column-gap-default\">\n\t\t\t\t\t<div class=\"elementor-column elementor-col-100 elementor-top-column elementor-element elementor-element-145bc92\" data-id=\"145bc92\" data-element_type=\"column\">\n\t\t\t<div class=\"elementor-widget-wrap elementor-element-populated\">\n\t\t\t\t\t\t\t\t<div class=\"elementor-element elementor-element-4761274 elementor-widget elementor-widget-text-editor\" data-id=\"4761274\" data-element_type=\"widget\" data-widget_type=\"text-editor.default\">\n\t\t\t\t<div class=\"elementor-widget-container\">\n\t\t\t\t\t\t\t<p><strong>Il progetto didattico \u201cNet &#8211; Work in school\u201d \u00e8 la realizzazione di quanto descritto in \u201cAzioni per il potenziamento delle competenze digitali degli studenti<\/strong> (Avviso 20769 del 2019)\u201d.<\/p><p><strong>L\u2019idea promuove in chiave smart la cultura digitale<\/strong> nella prospettiva olistica dell\u2019apprendimento.<\/p><p>L\u2019 apprendimento immersivo in situazione coinvolge la sfera cognitiva ed emotiva e riannoda le competenze di base con quelle digitali e imprenditoriali, sollecitando curiosit\u00e0 e passioni come fulcro strategico della motivazione. Lo sviluppo armonico del pensiero computazionale e della creativit\u00e0 digitale, si innesta in modo traversale sulla trama delle competenze base. L\u2019innovazione metodologica \u00e8 promossa attraverso l\u2019utilizzo efficace delle risorse di cui le scuole dispongono, con noleggio di Kit didattici e ICT snelle.<\/p><p>Ha come obiettivo lo sviluppo del pensiero computazionale e della creativit\u00e0 digitale, anche in continuit\u00e0 verticale fra i diversi ordini e gradi di scuola.<\/p><p>La realizzazione di un curriculum verticale, riferito allo sviluppo del pensiero computazionale e della creativit\u00e0 digitale comporta il mettere al centro del percorso la programmazione e si pone come strumento trasversale, favorendo lo sviluppo logico del pensiero.<\/p><p>Il progetto opportunamente integrato nelle varie discipline lascer\u00e0 spazio alla creativit\u00e0 degli studenti che daranno vita a diversi prodotti utilizzando sia strumenti digitali che sw e applicativi di simulazione, oppure kit di robotica educativa per sperimentare direttamente quanto simulato e vederlo concretamente realizzato.<\/p><p>Il progetto si svilupper\u00e0 in quattro percorsi che potranno essere indipendenti o integrati tra di loro; ogni scuola potr\u00e0 scegliere autonomamente quale o quali percorsi realizzare.<\/p>\t\t\t\t\t\t<\/div>\n\t\t\t\t<\/div>\n\t\t\t\t\t<\/div>\n\t\t<\/div>\n\t\t\t\t\t\t\t<\/div>\n\t\t<\/section>\n\t\t\t\t<section class=\"elementor-section elementor-top-section elementor-element elementor-element-0261920 elementor-section-boxed elementor-section-height-default elementor-section-height-default\" data-id=\"0261920\" data-element_type=\"section\">\n\t\t\t\t\t\t<div class=\"elementor-container elementor-column-gap-default\">\n\t\t\t\t\t<div class=\"elementor-column elementor-col-100 elementor-top-column elementor-element elementor-element-747f04b\" data-id=\"747f04b\" data-element_type=\"column\">\n\t\t\t<div class=\"elementor-widget-wrap elementor-element-populated\">\n\t\t\t\t\t\t\t\t<div class=\"elementor-element elementor-element-756e07d elementor-cta--valign-middle elementor-cta--layout-image-left elementor-cta--skin-classic elementor-animated-content elementor-bg-transform elementor-bg-transform-zoom-in elementor-widget elementor-widget-call-to-action\" data-id=\"756e07d\" data-element_type=\"widget\" data-widget_type=\"call-to-action.default\">\n\t\t\t\t<div class=\"elementor-widget-container\">\n\t\t\t\t\t<div  class=\"elementor-cta\">\n\t\t\t\t\t<div class=\"elementor-cta__bg-wrapper\">\n\t\t\t\t<div class=\"elementor-cta__bg elementor-bg\" style=\"background-image: url(https:\/\/networkinschool.icvalnegra.edu.it\/wp-content\/uploads\/2021\/12\/studenti_gamification-1024x693.jpg);\"><\/div>\n\t\t\t\t<div class=\"elementor-cta__bg-overlay\"><\/div>\n\t\t\t<\/div>\n\t\t\t\t\t\t\t<div class=\"elementor-cta__content\">\n\t\t\t\t\n\t\t\t\t\t\t\t\t\t<h2 class=\"elementor-cta__title elementor-cta__content-item elementor-content-item\">\n\t\t\t\t\t\tGAMIFICATION\t\t\t\t\t<\/h2>\n\t\t\t\t\n\t\t\t\t\t\t\t\t\t<div class=\"elementor-cta__description elementor-cta__content-item elementor-content-item\">\n\t\t\t\t\t\tProgettazione, struttura e realizzazione delle fasi necessarie per la creazione di un videogioco\t\t\t\t\t<\/div>\n\t\t\t\t\n\t\t\t\t\t\t\t<\/div>\n\t\t\t\t\t\t<\/div>\n\t\t\t\t<\/div>\n\t\t\t\t<\/div>\n\t\t\t\t<div class=\"elementor-element elementor-element-65d4af6 elementor-cta--valign-middle elementor-cta--layout-image-right elementor-cta--skin-classic elementor-animated-content elementor-bg-transform elementor-bg-transform-zoom-in elementor-widget elementor-widget-call-to-action\" data-id=\"65d4af6\" data-element_type=\"widget\" data-widget_type=\"call-to-action.default\">\n\t\t\t\t<div class=\"elementor-widget-container\">\n\t\t\t\t\t<div  class=\"elementor-cta\">\n\t\t\t\t\t<div class=\"elementor-cta__bg-wrapper\">\n\t\t\t\t<div class=\"elementor-cta__bg elementor-bg\" style=\"background-image: url(https:\/\/networkinschool.icvalnegra.edu.it\/wp-content\/uploads\/2021\/12\/robotics-1024x684.jpg);\"><\/div>\n\t\t\t\t<div class=\"elementor-cta__bg-overlay\"><\/div>\n\t\t\t<\/div>\n\t\t\t\t\t\t\t<div class=\"elementor-cta__content\">\n\t\t\t\t\n\t\t\t\t\t\t\t\t\t<h2 class=\"elementor-cta__title elementor-cta__content-item elementor-content-item\">\n\t\t\t\t\t\tCODING E ROBOTICA\t\t\t\t\t<\/h2>\n\t\t\t\t\n\t\t\t\t\t\t\t\t\t<div class=\"elementor-cta__description elementor-cta__content-item elementor-content-item\">\n\t\t\t\t\t\tIntegrazione robotica-storytelling-VR-con il proiettore interattivo. Il progetto prevede la creazione di un percorso (disciplinare o trasversale) che verr\u00e0 realizzato attraverso la metodologia dello storytelling. Un proiettore interattivo permetter\u00e0 la visualizzazione di un ambiente virtuale in cui tale narrazione si trasformer\u00e0 in un itinerario geolocalizzato. Un robot-avatar opportunamente programmato guider\u00e0 l'esplorazione dell'ambiente creato permettendo di sovrapporre reale e virtuale\t\t\t\t\t<\/div>\n\t\t\t\t\n\t\t\t\t\t\t\t<\/div>\n\t\t\t\t\t\t<\/div>\n\t\t\t\t<\/div>\n\t\t\t\t<\/div>\n\t\t\t\t<div class=\"elementor-element elementor-element-0517b4a elementor-cta--valign-middle elementor-cta--layout-image-left elementor-cta--skin-classic elementor-animated-content elementor-bg-transform elementor-bg-transform-zoom-in elementor-widget elementor-widget-call-to-action\" data-id=\"0517b4a\" data-element_type=\"widget\" data-widget_type=\"call-to-action.default\">\n\t\t\t\t<div class=\"elementor-widget-container\">\n\t\t\t\t\t<div  class=\"elementor-cta\">\n\t\t\t\t\t<div class=\"elementor-cta__bg-wrapper\">\n\t\t\t\t<div class=\"elementor-cta__bg elementor-bg\" style=\"background-image: url(https:\/\/networkinschool.icvalnegra.edu.it\/wp-content\/uploads\/2021\/12\/libri-1024x683.jpg);\"><\/div>\n\t\t\t\t<div class=\"elementor-cta__bg-overlay\"><\/div>\n\t\t\t<\/div>\n\t\t\t\t\t\t\t<div class=\"elementor-cta__content\">\n\t\t\t\t\n\t\t\t\t\t\t\t\t\t<h2 class=\"elementor-cta__title elementor-cta__content-item elementor-content-item\">\n\t\t\t\t\t\tVIRTUAL BIOGRAPHY\t\t\t\t\t<\/h2>\n\t\t\t\t\n\t\t\t\t\t\t\t\t\t<div class=\"elementor-cta__description elementor-cta__content-item elementor-content-item\">\n\t\t\t\t\t\tViaggio nelle biografie delle donne di scienza attraverso la creazione di timeline interattive e multimediali, realizzate da team di lavoro femminili, anche in RA e RV.\t\t\t\t\t<\/div>\n\t\t\t\t\n\t\t\t\t\t\t\t<\/div>\n\t\t\t\t\t\t<\/div>\n\t\t\t\t<\/div>\n\t\t\t\t<\/div>\n\t\t\t\t<div class=\"elementor-element elementor-element-f50e4f6 elementor-cta--valign-middle elementor-cta--layout-image-right elementor-cta--skin-classic elementor-animated-content elementor-bg-transform elementor-bg-transform-zoom-in elementor-widget elementor-widget-call-to-action\" data-id=\"f50e4f6\" data-element_type=\"widget\" data-widget_type=\"call-to-action.default\">\n\t\t\t\t<div class=\"elementor-widget-container\">\n\t\t\t\t\t<div  class=\"elementor-cta\">\n\t\t\t\t\t<div class=\"elementor-cta__bg-wrapper\">\n\t\t\t\t<div class=\"elementor-cta__bg elementor-bg\" style=\"background-image: url(https:\/\/networkinschool.icvalnegra.edu.it\/wp-content\/uploads\/2021\/12\/vlog-1024x683.jpg);\"><\/div>\n\t\t\t\t<div class=\"elementor-cta__bg-overlay\"><\/div>\n\t\t\t<\/div>\n\t\t\t\t\t\t\t<div class=\"elementor-cta__content\">\n\t\t\t\t\n\t\t\t\t\t\t\t\t\t<h2 class=\"elementor-cta__title elementor-cta__content-item elementor-content-item\">\n\t\t\t\t\t\tIL VLOG\t\t\t\t\t<\/h2>\n\t\t\t\t\n\t\t\t\t\t\t\t\t\t<div class=\"elementor-cta__description elementor-cta__content-item elementor-content-item\">\n\t\t\t\t\t\tIl blog che si trasforma in vlog: i gruppi di lavoro creeranno un repository degli artefatti creati collocandoli all'interno di una piattaforma opportunamente personalizzata e in un canale dedicato in cui verranno caricati i video che si registreranno durante gli step di lavoro. \t\t\t\t\t<\/div>\n\t\t\t\t\n\t\t\t\t\t\t\t<\/div>\n\t\t\t\t\t\t<\/div>\n\t\t\t\t<\/div>\n\t\t\t\t<\/div>\n\t\t\t\t\t<\/div>\n\t\t<\/div>\n\t\t\t\t\t\t\t<\/div>\n\t\t<\/section>\n\t\t\t\t\t\t<\/div>\n\t\t\t\t\t<\/div>\n\t\t","protected":false},"excerpt":{"rendered":"<p>AZIONI #15, #17, #19, #20, #21 DEL PIANO NAZIONALE SCUOLA DIGITALE AZIONI PER IL POTENZIAMENTO DELLE COMPETENZE DIGITALI DEGLI STUDENTI&#8230;<\/p>\n","protected":false},"author":1,"featured_media":0,"parent":0,"menu_order":0,"comment_status":"closed","ping_status":"closed","template":"","meta":{"_bbp_topic_count":0,"_bbp_reply_count":0,"_bbp_total_topic_count":0,"_bbp_total_reply_count":0,"_bbp_voice_count":0,"_bbp_anonymous_reply_count":0,"_bbp_topic_count_hidden":0,"_bbp_reply_count_hidden":0,"_bbp_forum_subforum_count":0,"footnotes":""},"class_list":["post-2474","page","type-page","status-publish","hentry"],"_links":{"self":[{"href":"https:\/\/networkinschool.icvalnegra.edu.it\/en\/wp-json\/wp\/v2\/pages\/2474","targetHints":{"allow":["GET"]}}],"collection":[{"href":"https:\/\/networkinschool.icvalnegra.edu.it\/en\/wp-json\/wp\/v2\/pages"}],"about":[{"href":"https:\/\/networkinschool.icvalnegra.edu.it\/en\/wp-json\/wp\/v2\/types\/page"}],"author":[{"embeddable":true,"href":"https:\/\/networkinschool.icvalnegra.edu.it\/en\/wp-json\/wp\/v2\/users\/1"}],"replies":[{"embeddable":true,"href":"https:\/\/networkinschool.icvalnegra.edu.it\/en\/wp-json\/wp\/v2\/comments?post=2474"}],"version-history":[{"count":5,"href":"https:\/\/networkinschool.icvalnegra.edu.it\/en\/wp-json\/wp\/v2\/pages\/2474\/revisions"}],"predecessor-version":[{"id":2480,"href":"https:\/\/networkinschool.icvalnegra.edu.it\/en\/wp-json\/wp\/v2\/pages\/2474\/revisions\/2480"}],"wp:attachment":[{"href":"https:\/\/networkinschool.icvalnegra.edu.it\/en\/wp-json\/wp\/v2\/media?parent=2474"}],"curies":[{"name":"wp","href":"https:\/\/api.w.org\/{rel}","templated":true}]}}